{"id":4687,"date":"2025-07-03T18:43:09","date_gmt":"2025-07-03T18:43:09","guid":{"rendered":"https:\/\/hydraferti.com.br\/site\/?page_id=4687"},"modified":"2026-01-29T14:34:52","modified_gmt":"2026-01-29T14:34:52","slug":"contato","status":"publish","type":"page","link":"https:\/\/hydraferti.com.br\/site\/contato\/","title":{"rendered":"Contato"},"content":{"rendered":"\t\t<div data-elementor-type=\"wp-page\" data-elementor-id=\"4687\" class=\"elementor elementor-4687\">\n\t\t\t\t\t\t<section class=\"elementor-section elementor-top-section elementor-element elementor-element-516f01d elementor-section-boxed elementor-section-height-default elementor-section-height-default\" data-id=\"516f01d\" data-element_type=\"section\" data-e-type=\"section\">\n\t\t\t\t\t\t<div class=\"elementor-container elementor-column-gap-default\">\n\t\t\t\t\t<div class=\"elementor-column elementor-col-100 elementor-top-column elementor-element elementor-element-f67789d\" data-id=\"f67789d\" data-element_type=\"column\" data-e-type=\"column\">\n\t\t\t<div class=\"elementor-widget-wrap elementor-element-populated\">\n\t\t\t\t\t\t<div class=\"elementor-element elementor-element-1c1659b elementor-widget elementor-widget-spacer\" data-id=\"1c1659b\" data-element_type=\"widget\" data-e-type=\"widget\" data-widget_type=\"spacer.default\">\n\t\t\t\t<div class=\"elementor-widget-container\">\n\t\t\t\t\t\t\t<div class=\"elementor-spacer\">\n\t\t\t<div class=\"elementor-spacer-inner\"><\/div>\n\t\t<\/div>\n\t\t\t\t\t\t<\/div>\n\t\t\t\t<\/div>\n\t\t\t\t\t<\/div>\n\t\t<\/div>\n\t\t\t\t\t<\/div>\n\t\t<\/section>\n\t\t\t\t<section class=\"elementor-section elementor-top-section elementor-element elementor-element-6a77827 elementor-section-boxed elementor-section-height-default elementor-section-height-default\" data-id=\"6a77827\" data-element_type=\"section\" data-e-type=\"section\">\n\t\t\t\t\t\t<div class=\"elementor-container elementor-column-gap-default\">\n\t\t\t\t\t<div class=\"elementor-column elementor-col-100 elementor-top-column elementor-element elementor-element-00a18bf\" data-id=\"00a18bf\" data-element_type=\"column\" data-e-type=\"column\">\n\t\t\t<div class=\"elementor-widget-wrap elementor-element-populated\">\n\t\t\t\t\t\t<div class=\"elementor-element elementor-element-098d87b elementor-widget elementor-widget-heading\" data-id=\"098d87b\" data-element_type=\"widget\" data-e-type=\"widget\" data-widget_type=\"heading.default\">\n\t\t\t\t<div class=\"elementor-widget-container\">\n\t\t\t\t\t<h2 class=\"elementor-heading-title elementor-size-default\">No campo, tempo \u00e9 produtividade E n\u00e3o deixamos voc\u00ea parar!<\/h2>\t\t\t\t<\/div>\n\t\t\t\t<\/div>\n\t\t\t\t\t<\/div>\n\t\t<\/div>\n\t\t\t\t\t<\/div>\n\t\t<\/section>\n\t\t\t\t<section class=\"elementor-section elementor-top-section elementor-element elementor-element-df50a19 elementor-section-boxed elementor-section-height-default elementor-section-height-default\" data-id=\"df50a19\" data-element_type=\"section\" data-e-type=\"section\">\n\t\t\t\t\t\t<div class=\"elementor-container elementor-column-gap-default\">\n\t\t\t\t\t<div class=\"elementor-column elementor-col-100 elementor-top-column elementor-element elementor-element-35dfd4e\" data-id=\"35dfd4e\" data-element_type=\"column\" data-e-type=\"column\">\n\t\t\t<div class=\"elementor-widget-wrap elementor-element-populated\">\n\t\t\t\t\t\t<div class=\"elementor-element elementor-element-d627ad0 elementor-widget__width-initial elementor-widget elementor-widget-text-editor\" data-id=\"d627ad0\" data-element_type=\"widget\" data-e-type=\"widget\" data-widget_type=\"text-editor.default\">\n\t\t\t\t<div class=\"elementor-widget-container\">\n\t\t\t\t\t\t\t\t\t<p><style>\n        body {<br \/>            font-family: 'Poppins', sans-serif;<br \/>            color: #000000; \/* Cor preta *\/<br \/>            line-height: 1.6;<br \/>            margin: 0; \/* Remove margens padr\u00e3o *\/<br \/>            padding: 0px; *\/<br \/>            box-sizing: border-box; \/* Inclui padding e border no tamanho total *\/<br \/>        }.conteudo {max-width: 2500px; \/* Largura m\u00e1xima *\/ margin: 0 auto; \/*<br \/>        }<br \/>        .texto-corrido {<br \/>            font-size: 1.1em; \/* Tamanho original *\/<br \/>            line-height:0;<br \/>            margin-bottom: 0px;<br \/>        }<br \/>    <\/style><\/p><div class=\"conteudo\">Se voc\u00ea \u00e9 agricultor, gerente de fazenda ou revenda e deseja saber mais sobre nossas solu\u00e7\u00f5es para plantadeiras, entre em contato.<\/div><div class=\"conteudo\">Nossa equipe t\u00e9cnica est\u00e1 pronta para atender em todo o Brasil!<\/div>\t\t\t\t\t\t\t\t<\/div>\n\t\t\t\t<\/div>\n\t\t\t\t\t<\/div>\n\t\t<\/div>\n\t\t\t\t\t<\/div>\n\t\t<\/section>\n\t\t\t\t<section class=\"elementor-section elementor-top-section elementor-element elementor-element-1870458 elementor-section-boxed elementor-section-height-default elementor-section-height-default\" data-id=\"1870458\" data-element_type=\"section\" data-e-type=\"section\">\n\t\t\t\t\t\t<div class=\"elementor-container elementor-column-gap-default\">\n\t\t\t\t\t<div class=\"elementor-column elementor-col-100 elementor-top-column elementor-element elementor-element-2471f64\" data-id=\"2471f64\" data-element_type=\"column\" data-e-type=\"column\">\n\t\t\t<div class=\"elementor-widget-wrap elementor-element-populated\">\n\t\t\t\t\t\t<div class=\"elementor-element elementor-element-0fef884 elementor-widget elementor-widget-spacer\" data-id=\"0fef884\" data-element_type=\"widget\" data-e-type=\"widget\" data-widget_type=\"spacer.default\">\n\t\t\t\t<div class=\"elementor-widget-container\">\n\t\t\t\t\t\t\t<div class=\"elementor-spacer\">\n\t\t\t<div class=\"elementor-spacer-inner\"><\/div>\n\t\t<\/div>\n\t\t\t\t\t\t<\/div>\n\t\t\t\t<\/div>\n\t\t\t\t\t<\/div>\n\t\t<\/div>\n\t\t\t\t\t<\/div>\n\t\t<\/section>\n\t\t\t\t<section class=\"elementor-section elementor-top-section elementor-element elementor-element-293dd0a elementor-section-full_width elementor-section-height-default elementor-section-height-default\" data-id=\"293dd0a\" data-element_type=\"section\" data-e-type=\"section\">\n\t\t\t\t\t\t<div class=\"elementor-container elementor-column-gap-default\">\n\t\t\t\t\t<div class=\"elementor-column elementor-col-33 elementor-top-column elementor-element elementor-element-822570f\" data-id=\"822570f\" data-element_type=\"column\" data-e-type=\"column\">\n\t\t\t<div class=\"elementor-widget-wrap elementor-element-populated\">\n\t\t\t\t\t\t<div class=\"elementor-element elementor-element-60a8b2c elementor-widget elementor-widget-image\" data-id=\"60a8b2c\" data-element_type=\"widget\" data-e-type=\"widget\" data-widget_type=\"image.default\">\n\t\t\t\t<div class=\"elementor-widget-container\">\n\t\t\t\t\t\t\t\t\t\t\t\t\t\t\t\t<a href=\"https:\/\/wa.me\/5554999114842\" target=\"_blank\">\n\t\t\t\t\t\t\t<img fetchpriority=\"high\" decoding=\"async\" width=\"800\" height=\"600\" src=\"https:\/\/hydraferti.com.br\/site\/wp-content\/uploads\/2025\/07\/BANNER-SITE.png\" class=\"elementor-animation-bounce-out attachment-2048x2048 size-2048x2048 wp-image-5129\" alt=\"setor de pe\u00e7as da hydraferti\" srcset=\"https:\/\/hydraferti.com.br\/site\/wp-content\/uploads\/2025\/07\/BANNER-SITE.png 800w, https:\/\/hydraferti.com.br\/site\/wp-content\/uploads\/2025\/07\/BANNER-SITE-300x225.png 300w, https:\/\/hydraferti.com.br\/site\/wp-content\/uploads\/2025\/07\/BANNER-SITE-768x576.png 768w\" sizes=\"(max-width: 800px) 100vw, 800px\" \/>\t\t\t\t\t\t\t\t<\/a>\n\t\t\t\t\t\t\t\t\t\t\t\t\t\t\t<\/div>\n\t\t\t\t<\/div>\n\t\t\t\t<div class=\"elementor-element elementor-element-596d0b7 elementor-widget__width-initial elementor-widget elementor-widget-spacer\" data-id=\"596d0b7\" data-element_type=\"widget\" data-e-type=\"widget\" data-widget_type=\"spacer.default\">\n\t\t\t\t<div class=\"elementor-widget-container\">\n\t\t\t\t\t\t\t<div class=\"elementor-spacer\">\n\t\t\t<div class=\"elementor-spacer-inner\"><\/div>\n\t\t<\/div>\n\t\t\t\t\t\t<\/div>\n\t\t\t\t<\/div>\n\t\t\t\t\t<\/div>\n\t\t<\/div>\n\t\t\t\t<div class=\"elementor-column elementor-col-33 elementor-top-column elementor-element elementor-element-95fd721\" data-id=\"95fd721\" data-element_type=\"column\" data-e-type=\"column\">\n\t\t\t<div class=\"elementor-widget-wrap elementor-element-populated\">\n\t\t\t\t\t\t<div class=\"elementor-element elementor-element-8493db7 elementor-widget elementor-widget-image\" data-id=\"8493db7\" data-element_type=\"widget\" data-e-type=\"widget\" data-widget_type=\"image.default\">\n\t\t\t\t<div class=\"elementor-widget-container\">\n\t\t\t\t\t\t\t\t\t\t\t\t\t\t\t\t<a href=\"https:\/\/wa.me\/5554984347901\" target=\"_blank\">\n\t\t\t\t\t\t\t<img decoding=\"async\" width=\"800\" height=\"600\" src=\"https:\/\/hydraferti.com.br\/site\/wp-content\/uploads\/2025\/07\/BANNER-SITE-comercial.png\" class=\"elementor-animation-bounce-out attachment-2048x2048 size-2048x2048 wp-image-5128\" alt=\"Setor comercial, fale com nossa equipe de vendas\" srcset=\"https:\/\/hydraferti.com.br\/site\/wp-content\/uploads\/2025\/07\/BANNER-SITE-comercial.png 800w, https:\/\/hydraferti.com.br\/site\/wp-content\/uploads\/2025\/07\/BANNER-SITE-comercial-300x225.png 300w, https:\/\/hydraferti.com.br\/site\/wp-content\/uploads\/2025\/07\/BANNER-SITE-comercial-768x576.png 768w\" sizes=\"(max-width: 800px) 100vw, 800px\" \/>\t\t\t\t\t\t\t\t<\/a>\n\t\t\t\t\t\t\t\t\t\t\t\t\t\t\t<\/div>\n\t\t\t\t<\/div>\n\t\t\t\t\t<\/div>\n\t\t<\/div>\n\t\t\t\t<div class=\"elementor-column elementor-col-33 elementor-top-column elementor-element elementor-element-ecb5300\" data-id=\"ecb5300\" data-element_type=\"column\" data-e-type=\"column\">\n\t\t\t<div class=\"elementor-widget-wrap elementor-element-populated\">\n\t\t\t\t\t\t<div class=\"elementor-element elementor-element-0395aaa elementor-widget elementor-widget-image\" data-id=\"0395aaa\" data-element_type=\"widget\" data-e-type=\"widget\" data-widget_type=\"image.default\">\n\t\t\t\t<div class=\"elementor-widget-container\">\n\t\t\t\t\t\t\t\t\t\t\t\t\t\t\t\t<a href=\"https:\/\/wa.me\/5554984347605\" target=\"_blank\">\n\t\t\t\t\t\t\t<img decoding=\"async\" width=\"800\" height=\"600\" src=\"https:\/\/hydraferti.com.br\/site\/wp-content\/uploads\/2025\/07\/BANNER-SITE-pecas.png\" class=\"elementor-animation-bounce-out attachment-2048x2048 size-2048x2048 wp-image-5127\" alt=\"Suporte tecnico hydraferti, estamos aqui para te ajudar\" srcset=\"https:\/\/hydraferti.com.br\/site\/wp-content\/uploads\/2025\/07\/BANNER-SITE-pecas.png 800w, https:\/\/hydraferti.com.br\/site\/wp-content\/uploads\/2025\/07\/BANNER-SITE-pecas-300x225.png 300w, https:\/\/hydraferti.com.br\/site\/wp-content\/uploads\/2025\/07\/BANNER-SITE-pecas-768x576.png 768w\" sizes=\"(max-width: 800px) 100vw, 800px\" \/>\t\t\t\t\t\t\t\t<\/a>\n\t\t\t\t\t\t\t\t\t\t\t\t\t\t\t<\/div>\n\t\t\t\t<\/div>\n\t\t\t\t\t<\/div>\n\t\t<\/div>\n\t\t\t\t\t<\/div>\n\t\t<\/section>\n\t\t\t\t<\/div>\n\t\t","protected":false},"excerpt":{"rendered":"<p>No campo, tempo \u00e9 produtividade E n\u00e3o deixamos voc\u00ea parar! Se voc\u00ea \u00e9 agricultor, gerente de fazenda ou revenda e deseja saber mais sobre nossas solu\u00e7\u00f5es para plantadeiras, entre em contato.Nossa equipe t\u00e9cnica est\u00e1 pronta para atender em todo o Brasil!<\/p>\n","protected":false},"author":1,"featured_media":0,"parent":0,"menu_order":0,"comment_status":"closed","ping_status":"closed","template":"","meta":{"_joinchat":[],"footnotes":""},"class_list":["post-4687","page","type-page","status-publish","hentry"],"aioseo_notices":[],"_links":{"self":[{"href":"https:\/\/hydraferti.com.br\/site\/wp-json\/wp\/v2\/pages\/4687","targetHints":{"allow":["GET"]}}],"collection":[{"href":"https:\/\/hydraferti.com.br\/site\/wp-json\/wp\/v2\/pages"}],"about":[{"href":"https:\/\/hydraferti.com.br\/site\/wp-json\/wp\/v2\/types\/page"}],"author":[{"embeddable":true,"href":"https:\/\/hydraferti.com.br\/site\/wp-json\/wp\/v2\/users\/1"}],"replies":[{"embeddable":true,"href":"https:\/\/hydraferti.com.br\/site\/wp-json\/wp\/v2\/comments?post=4687"}],"version-history":[{"count":46,"href":"https:\/\/hydraferti.com.br\/site\/wp-json\/wp\/v2\/pages\/4687\/revisions"}],"predecessor-version":[{"id":5642,"href":"https:\/\/hydraferti.com.br\/site\/wp-json\/wp\/v2\/pages\/4687\/revisions\/5642"}],"wp:attachment":[{"href":"https:\/\/hydraferti.com.br\/site\/wp-json\/wp\/v2\/media?parent=4687"}],"curies":[{"name":"wp","href":"https:\/\/api.w.org\/{rel}","templated":true}]}}